{"id":343,"date":"2021-12-14T17:53:02","date_gmt":"2021-12-14T17:53:02","guid":{"rendered":"https:\/\/egyuttvoltunk.hu\/?page_id=343"},"modified":"2022-02-14T16:41:17","modified_gmt":"2022-02-14T16:41:17","slug":"kezdolap","status":"publish","type":"page","link":"https:\/\/egyuttvoltunk.hu\/","title":{"rendered":"kezd\u0151lap"},"content":{"rendered":"\t\t<div data-elementor-type=\"wp-page\" data-elementor-id=\"343\" class=\"elementor elementor-343\">\n\t\t\t\t\t\t<section class=\"elementor-section elementor-top-section elementor-element elementor-element-a568237 elementor-section-height-min-height elementor-section-content-top elementor-section-boxed elementor-section-height-default elementor-section-items-middle\" data-id=\"a568237\" data-element_type=\"section\" data-e-type=\"section\" data-settings=\"{&quot;background_background&quot;:&quot;classic&quot;}\">\n\t\t\t\t\t\t<div class=\"elementor-container elementor-column-gap-default\">\n\t\t\t\t\t<div class=\"elementor-column elementor-col-100 elementor-top-column elementor-element elementor-element-18a1c14\" data-id=\"18a1c14\" data-element_type=\"column\" data-e-type=\"column\">\n\t\t\t<div class=\"elementor-widget-wrap elementor-element-populated\">\n\t\t\t\t\t\t<div class=\"elementor-element elementor-element-0b36598 elementor-widget elementor-widget-text-editor\" data-id=\"0b36598\" data-element_type=\"widget\" data-e-type=\"widget\" data-widget_type=\"text-editor.default\">\n\t\t\t\t<div class=\"elementor-widget-container\">\n\t\t\t\t\t\t\t\t\t<p>\u00c9let\u00fcnk tal\u00e1lkoz\u00e1sok sora&#8230;<\/p><p>Iskol\u00e1k, munkahelyek, bar\u00e1tok,<\/p><p>lakhelyek, szerelmek<\/p><p>Mind mind eml\u00e9kek hordoz\u00f3i.<\/p><p>S azt\u00e1n, ahogy j\u00f6tt\u00fcnk, elmegy\u00fcnk.<\/p><p>Eml\u00e9keink t\u00e1rh\u00e1za az \u00e9l\u0151kre marad.<\/p><p>\u00c9vek \u00f3ta \u00e9l bennem a gondolat,<\/p><p>hogy a pillanatok sokas\u00e1g\u00e1t<\/p><p>egys\u00e9gbe \u00f6ntsem, term\u00e9szetesen<\/p><p>a teljess\u00e9g ig\u00e9nye n\u00e9lk\u00fcl.<\/p><p>Ez\u00e9rt sz\u00fcletett ez a weblap.<\/p><p>Az egy\u00fcttvoltunk.hu<\/p><p>Kellemes b\u00f6ng\u00e9sz\u00e9st!<\/p>\t\t\t\t\t\t\t\t<\/div>\n\t\t\t\t<\/div>\n\t\t\t\t\t<\/div>\n\t\t<\/div>\n\t\t\t\t\t<\/div>\n\t\t<\/section>\n\t\t\t\t<section class=\"elementor-section elementor-top-section elementor-element elementor-element-cebbd54 elementor-section-boxed elementor-section-height-default elementor-section-height-default\" data-id=\"cebbd54\" data-element_type=\"section\" data-e-type=\"section\" data-settings=\"{&quot;background_background&quot;:&quot;classic&quot;}\">\n\t\t\t\t\t\t\t<div class=\"elementor-background-overlay\"><\/div>\n\t\t\t\t\t\t\t<div class=\"elementor-container elementor-column-gap-default\">\n\t\t\t\t\t<div class=\"elementor-column elementor-col-100 elementor-top-column elementor-element elementor-element-0e37461\" data-id=\"0e37461\" data-element_type=\"column\" data-e-type=\"column\" data-settings=\"{&quot;background_background&quot;:&quot;classic&quot;}\">\n\t\t\t<div class=\"elementor-widget-wrap elementor-element-populated\">\n\t\t\t\t\t\t<div class=\"elementor-element elementor-element-c2bf940 elementor-widget elementor-widget-spacer\" data-id=\"c2bf940\" data-element_type=\"widget\" data-e-type=\"widget\" data-widget_type=\"spacer.default\">\n\t\t\t\t<div class=\"elementor-widget-container\">\n\t\t\t\t\t\t\t<div class=\"elementor-spacer\">\n\t\t\t<div class=\"elementor-spacer-inner\"><\/div>\n\t\t<\/div>\n\t\t\t\t\t\t<\/div>\n\t\t\t\t<\/div>\n\t\t\t\t<div class=\"elementor-element elementor-element-079ff59 elementor-pagination-position-outside elementor-widget elementor-widget-image-carousel\" data-id=\"079ff59\" data-element_type=\"widget\" data-e-type=\"widget\" data-settings=\"{&quot;slides_to_show&quot;:&quot;2&quot;,&quot;slides_to_scroll&quot;:&quot;1&quot;,&quot;navigation&quot;:&quot;dots&quot;,&quot;autoplay_speed&quot;:6000,&quot;autoplay&quot;:&quot;yes&quot;,&quot;pause_on_hover&quot;:&quot;yes&quot;,&quot;pause_on_interaction&quot;:&quot;yes&quot;,&quot;infinite&quot;:&quot;yes&quot;,&quot;speed&quot;:500,&quot;image_spacing_custom&quot;:{&quot;unit&quot;:&quot;px&quot;,&quot;size&quot;:20,&quot;sizes&quot;:[]},&quot;image_spacing_custom_tablet&quot;:{&quot;unit&quot;:&quot;px&quot;,&quot;size&quot;:&quot;&quot;,&quot;sizes&quot;:[]},&quot;image_spacing_custom_mobile&quot;:{&quot;unit&quot;:&quot;px&quot;,&quot;size&quot;:&quot;&quot;,&quot;sizes&quot;:[]}}\" data-widget_type=\"image-carousel.default\">\n\t\t\t\t<div class=\"elementor-widget-container\">\n\t\t\t\t\t\t\t<div class=\"elementor-image-carousel-wrapper swiper\" role=\"region\" aria-roledescription=\"carousel\" aria-label=\"K\u00e9p k\u00f6rhinta\" dir=\"ltr\">\n\t\t\t<div class=\"elementor-image-carousel swiper-wrapper swiper-image-stretch\" aria-live=\"off\">\n\t\t\t\t\t\t\t\t<div class=\"swiper-slide\" role=\"group\" aria-roledescription=\"slide\" aria-label=\"1 \/ 4\"><figure class=\"swiper-slide-inner\"><img decoding=\"async\" class=\"swiper-slide-image\" src=\"https:\/\/egyuttvoltunk.hu\/wp-content\/uploads\/elementor\/thumbs\/Gyermekkorom_Laliekkal-1953-1-pjalseatozfkmyx2c5w84rwn6zt9minvpun9ggb1io.png\" alt=\"Gyermekkorom_Lali\u00e9kkal 1953\" \/><figcaption class=\"elementor-image-carousel-caption\">Gyermekkorom_Lali\u00e9kkal 1953<\/figcaption><\/figure><\/div><div class=\"swiper-slide\" role=\"group\" aria-roledescription=\"slide\" aria-label=\"2 \/ 4\"><figure class=\"swiper-slide-inner\"><img decoding=\"async\" class=\"swiper-slide-image\" src=\"https:\/\/egyuttvoltunk.hu\/wp-content\/uploads\/elementor\/thumbs\/Nagyanyam_1968-1-pjalsg6i2ni5a6uc16ph9rfkdrk01wvce3y8f08968.png\" alt=\"Nagyany\u00e1m_1968\" \/><figcaption class=\"elementor-image-carousel-caption\">Nagyany\u00e1m_1968<\/figcaption><\/figure><\/div><div class=\"swiper-slide\" role=\"group\" aria-roledescription=\"slide\" aria-label=\"3 \/ 4\"><figure class=\"swiper-slide-inner\"><img decoding=\"async\" class=\"swiper-slide-image\" src=\"https:\/\/egyuttvoltunk.hu\/wp-content\/uploads\/elementor\/thumbs\/Nagyanyammal-es-Magdival-1-pjalsh4c9hjflssyvp43u970z5fd9lz2q8lpwa6v00.png\" alt=\"Nagyany\u00e1mmal \u00e9s Magdival\" \/><figcaption class=\"elementor-image-carousel-caption\">Nagyany\u00e1mmal \u00e9s Magdival<\/figcaption><\/figure><\/div><div class=\"swiper-slide\" role=\"group\" aria-roledescription=\"slide\" aria-label=\"4 \/ 4\"><figure class=\"swiper-slide-inner\"><img decoding=\"async\" class=\"swiper-slide-image\" src=\"https:\/\/egyuttvoltunk.hu\/wp-content\/uploads\/elementor\/thumbs\/Oseink_apam-es-anyam_1-1-pjalsi26gbkpxerlq7iqeqyhkjaqhb2t2d97dk5gts.png\" alt=\"\u0150seink_ap\u00e1m \u00e9s any\u00e1m_1\" \/><figcaption class=\"elementor-image-carousel-caption\">\u0150seink_ap\u00e1m \u00e9s any\u00e1m_1<\/figcaption><\/figure><\/div>\t\t\t<\/div>\n\t\t\t\t\t\t\t\n\t\t\t\t\t\t\t\t\t<div class=\"swiper-pagination\"><\/div>\n\t\t\t\t\t\t\t\t\t<\/div>\n\t\t\t\t\t\t<\/div>\n\t\t\t\t<\/div>\n\t\t\t\t<div class=\"elementor-element elementor-element-1a3e5bb elementor-widget elementor-widget-spacer\" data-id=\"1a3e5bb\" data-element_type=\"widget\" data-e-type=\"widget\" data-widget_type=\"spacer.default\">\n\t\t\t\t<div class=\"elementor-widget-container\">\n\t\t\t\t\t\t\t<div class=\"elementor-spacer\">\n\t\t\t<div class=\"elementor-spacer-inner\"><\/div>\n\t\t<\/div>\n\t\t\t\t\t\t<\/div>\n\t\t\t\t<\/div>\n\t\t\t\t\t<\/div>\n\t\t<\/div>\n\t\t\t\t\t<\/div>\n\t\t<\/section>\n\t\t\t\t<section class=\"elementor-section elementor-top-section elementor-element elementor-element-30e48256 elementor-section-boxed elementor-section-height-default elementor-section-height-default\" data-id=\"30e48256\" data-element_type=\"section\" data-e-type=\"section\" data-settings=\"{&quot;background_background&quot;:&quot;classic&quot;}\">\n\t\t\t\t\t\t\t<div class=\"elementor-background-overlay\"><\/div>\n\t\t\t\t\t\t\t<div class=\"elementor-container elementor-column-gap-default\">\n\t\t\t\t\t<div class=\"elementor-column elementor-col-100 elementor-top-column elementor-element elementor-element-2f96cba5\" data-id=\"2f96cba5\" data-element_type=\"column\" data-e-type=\"column\">\n\t\t\t<div class=\"elementor-widget-wrap elementor-element-populated\">\n\t\t\t\t\t\t<section class=\"elementor-section elementor-inner-section elementor-element elementor-element-2caa58f6 elementor-section-boxed elementor-section-height-default elementor-section-height-default\" data-id=\"2caa58f6\" data-element_type=\"section\" data-e-type=\"section\">\n\t\t\t\t\t\t<div class=\"elementor-container elementor-column-gap-default\">\n\t\t\t\t\t<div class=\"elementor-column elementor-col-100 elementor-inner-column elementor-element elementor-element-70a5e58\" data-id=\"70a5e58\" data-element_type=\"column\" data-e-type=\"column\">\n\t\t\t<div class=\"elementor-widget-wrap elementor-element-populated\">\n\t\t\t\t\t\t<div class=\"elementor-element elementor-element-65e21d64 elementor-widget elementor-widget-image\" data-id=\"65e21d64\" data-element_type=\"widget\" data-e-type=\"widget\" data-widget_type=\"image.default\">\n\t\t\t\t<div class=\"elementor-widget-container\">\n\t\t\t\t\t\t\t\t\t\t\t\t\t\t\t<img decoding=\"async\" src=\"https:\/\/abroncsstop.egyuttvoltunk.hu\/wp-content\/uploads\/2022\/01\/krsfej.jpg\" title=\"\" alt=\"\" loading=\"lazy\" \/>\t\t\t\t\t\t\t\t\t\t\t\t\t\t\t<\/div>\n\t\t\t\t<\/div>\n\t\t\t\t<div class=\"elementor-element elementor-element-1d567f36 elementor-align-center elementor-mobile-align-center elementor-icon-list--layout-inline elementor-list-item-link-full_width elementor-widget elementor-widget-icon-list\" data-id=\"1d567f36\" data-element_type=\"widget\" data-e-type=\"widget\" data-widget_type=\"icon-list.default\">\n\t\t\t\t<div class=\"elementor-widget-container\">\n\t\t\t\t\t\t\t<ul class=\"elementor-icon-list-items elementor-inline-items\">\n\t\t\t\t\t\t\t<li class=\"elementor-icon-list-item elementor-inline-item\">\n\t\t\t\t\t\t\t\t\t\t<span class=\"elementor-icon-list-text\">egyuttvoltunk.hu_2022<\/span>\n\t\t\t\t\t\t\t\t\t<\/li>\n\t\t\t\t\t\t<\/ul>\n\t\t\t\t\t\t<\/div>\n\t\t\t\t<\/div>\n\t\t\t\t<div class=\"elementor-element elementor-element-5161f596 elementor-shape-rounded elementor-grid-0 e-grid-align-center elementor-widget elementor-widget-social-icons\" data-id=\"5161f596\" data-element_type=\"widget\" data-e-type=\"widget\" data-widget_type=\"social-icons.default\">\n\t\t\t\t<div class=\"elementor-widget-container\">\n\t\t\t\t\t\t\t<div class=\"elementor-social-icons-wrapper elementor-grid\" role=\"list\">\n\t\t\t\t\t\t\t<span class=\"elementor-grid-item\" role=\"listitem\">\n\t\t\t\t\t<a class=\"elementor-icon elementor-social-icon elementor-social-icon-facebook-f elementor-animation-grow elementor-repeater-item-9758c9c\" target=\"_blank\">\n\t\t\t\t\t\t<span class=\"elementor-screen-only\">Facebook-f<\/span>\n\t\t\t\t\t\t<i aria-hidden=\"true\" class=\"fab fa-facebook-f\"><\/i>\t\t\t\t\t<\/a>\n\t\t\t\t<\/span>\n\t\t\t\t\t\t\t<span class=\"elementor-grid-item\" role=\"listitem\">\n\t\t\t\t\t<a class=\"elementor-icon elementor-social-icon elementor-social-icon-twitter elementor-animation-grow elementor-repeater-item-b72bfac\" target=\"_blank\">\n\t\t\t\t\t\t<span class=\"elementor-screen-only\">Twitter<\/span>\n\t\t\t\t\t\t<i aria-hidden=\"true\" class=\"fab fa-twitter\"><\/i>\t\t\t\t\t<\/a>\n\t\t\t\t<\/span>\n\t\t\t\t\t\t\t<span class=\"elementor-grid-item\" role=\"listitem\">\n\t\t\t\t\t<a class=\"elementor-icon elementor-social-icon elementor-social-icon-instagram elementor-animation-grow elementor-repeater-item-d550229\" target=\"_blank\">\n\t\t\t\t\t\t<span class=\"elementor-screen-only\">Instagram<\/span>\n\t\t\t\t\t\t<i aria-hidden=\"true\" class=\"fab fa-instagram\"><\/i>\t\t\t\t\t<\/a>\n\t\t\t\t<\/span>\n\t\t\t\t\t\t\t<span class=\"elementor-grid-item\" role=\"listitem\">\n\t\t\t\t\t<a class=\"elementor-icon elementor-social-icon elementor-social-icon-medium elementor-animation-grow elementor-repeater-item-a5dc948\" target=\"_blank\">\n\t\t\t\t\t\t<span class=\"elementor-screen-only\">Medium<\/span>\n\t\t\t\t\t\t<i aria-hidden=\"true\" class=\"fab fa-medium\"><\/i>\t\t\t\t\t<\/a>\n\t\t\t\t<\/span>\n\t\t\t\t\t\t\t<span class=\"elementor-grid-item\" role=\"listitem\">\n\t\t\t\t\t<a class=\"elementor-icon elementor-social-icon elementor-social-icon-wordpress elementor-animation-grow elementor-repeater-item-0492740\" target=\"_blank\">\n\t\t\t\t\t\t<span class=\"elementor-screen-only\">WordPress<\/span>\n\t\t\t\t\t\t<i aria-hidden=\"true\" class=\"fab fa-wordpress\"><\/i>\t\t\t\t\t<\/a>\n\t\t\t\t<\/span>\n\t\t\t\t\t<\/div>\n\t\t\t\t\t\t<\/div>\n\t\t\t\t<\/div>\n\t\t\t\t\t<\/div>\n\t\t<\/div>\n\t\t\t\t\t<\/div>\n\t\t<\/section>\n\t\t\t\t\t<\/div>\n\t\t<\/div>\n\t\t\t\t\t<\/div>\n\t\t<\/section>\n\t\t\t\t<\/div>\n\t\t","protected":false},"excerpt":{"rendered":"<p>\u00c9let\u00fcnk tal\u00e1lkoz\u00e1sok sora&#8230; Iskol\u00e1k, munkahelyek, bar\u00e1tok, lakhelyek, szerelmek Mind mind eml\u00e9kek hordoz\u00f3i. S azt\u00e1n, ahogy j\u00f6tt\u00fcnk, elmegy\u00fcnk. Eml\u00e9keink t\u00e1rh\u00e1za az \u00e9l\u0151kre marad. \u00c9vek \u00f3ta \u00e9l bennem a gondolat, hogy a pillanatok sokas\u00e1g\u00e1t egys\u00e9gbe \u00f6ntsem, term\u00e9szetesen a teljess\u00e9g ig\u00e9nye n\u00e9lk\u00fcl. Ez\u00e9rt sz\u00fcletett ez a weblap. Az egy\u00fcttvoltunk.hu Kellemes b\u00f6ng\u00e9sz\u00e9st! Gyermekkorom_Lali\u00e9kkal 1953 Nagyany\u00e1m_1968 Nagyany\u00e1mmal \u00e9s Magdival \u0150seink_ap\u00e1m &#8230; <a title=\"kezd\u0151lap\" class=\"read-more\" href=\"https:\/\/egyuttvoltunk.hu\/\" aria-label=\"Tov\u00e1bbiak kezd\u0151lap\">Olvass tov\u00e1bb<\/a><\/p>\n","protected":false},"author":2,"featured_media":0,"parent":0,"menu_order":0,"comment_status":"closed","ping_status":"closed","template":"","meta":{"footnotes":""},"class_list":["post-343","page","type-page","status-publish"],"_links":{"self":[{"href":"https:\/\/egyuttvoltunk.hu\/index.php\/wp-json\/wp\/v2\/pages\/343","targetHints":{"allow":["GET"]}}],"collection":[{"href":"https:\/\/egyuttvoltunk.hu\/index.php\/wp-json\/wp\/v2\/pages"}],"about":[{"href":"https:\/\/egyuttvoltunk.hu\/index.php\/wp-json\/wp\/v2\/types\/page"}],"author":[{"embeddable":true,"href":"https:\/\/egyuttvoltunk.hu\/index.php\/wp-json\/wp\/v2\/users\/2"}],"replies":[{"embeddable":true,"href":"https:\/\/egyuttvoltunk.hu\/index.php\/wp-json\/wp\/v2\/comments?post=343"}],"version-history":[{"count":91,"href":"https:\/\/egyuttvoltunk.hu\/index.php\/wp-json\/wp\/v2\/pages\/343\/revisions"}],"predecessor-version":[{"id":1719,"href":"https:\/\/egyuttvoltunk.hu\/index.php\/wp-json\/wp\/v2\/pages\/343\/revisions\/1719"}],"wp:attachment":[{"href":"https:\/\/egyuttvoltunk.hu\/index.php\/wp-json\/wp\/v2\/media?parent=343"}],"curies":[{"name":"wp","href":"https:\/\/api.w.org\/{rel}","templated":true}]}}